{"id":1701,"date":"2024-05-22T22:10:28","date_gmt":"2024-05-22T22:10:28","guid":{"rendered":"https:\/\/ahertzogvideoarte.com\/collection\/?page_id=1701"},"modified":"2024-05-23T00:05:01","modified_gmt":"2024-05-23T00:05:01","slug":"sobre","status":"publish","type":"page","link":"https:\/\/ahertzogvideoarte.com\/collection\/sobre\/","title":{"rendered":"Sobre"},"content":{"rendered":"\t\t<div data-elementor-type=\"wp-page\" data-elementor-id=\"1701\" class=\"elementor elementor-1701\" data-elementor-settings=\"{&quot;ha_cmc_init_switcher&quot;:&quot;no&quot;}\" data-elementor-post-type=\"page\">\n\t\t\t\t<div class=\"elementor-element elementor-element-8eccae7 elementor-hidden-widescreen elementor-hidden-desktop elementor-hidden-laptop elementor-hidden-tablet e-flex e-con-boxed e-con e-parent\" data-id=\"8eccae7\" data-element_type=\"container\" data-e-type=\"container\" data-settings=\"{&quot;_ha_eqh_enable&quot;:false}\">\n\t\t\t\t\t<div class=\"e-con-inner\">\n\t\t\t\t<div class=\"elementor-element elementor-element-9ac9bb6 elementor-widget elementor-widget-spacer\" data-id=\"9ac9bb6\" data-element_type=\"widget\" data-e-type=\"widget\" data-widget_type=\"spacer.default\">\n\t\t\t\t<div class=\"elementor-widget-container\">\n\t\t\t\t\t\t\t<div class=\"elementor-spacer\">\n\t\t\t<div class=\"elementor-spacer-inner\"><\/div>\n\t\t<\/div>\n\t\t\t\t\t\t<\/div>\n\t\t\t\t<\/div>\n\t\t\t\t<div class=\"elementor-element elementor-element-8363f22 elementor-widget elementor-widget-heading\" data-id=\"8363f22\" data-element_type=\"widget\" data-e-type=\"widget\" data-widget_type=\"heading.default\">\n\t\t\t\t<div class=\"elementor-widget-container\">\n\t\t\t\t\t<h2 class=\"elementor-heading-title elementor-size-default\">Sobre<\/h2>\t\t\t\t<\/div>\n\t\t\t\t<\/div>\n\t\t\t\t<div class=\"elementor-element elementor-element-a684cf7 elementor-widget elementor-widget-spacer\" data-id=\"a684cf7\" data-element_type=\"widget\" data-e-type=\"widget\" data-widget_type=\"spacer.default\">\n\t\t\t\t<div class=\"elementor-widget-container\">\n\t\t\t\t\t\t\t<div class=\"elementor-spacer\">\n\t\t\t<div class=\"elementor-spacer-inner\"><\/div>\n\t\t<\/div>\n\t\t\t\t\t\t<\/div>\n\t\t\t\t<\/div>\n\t\t\t\t<div class=\"elementor-element elementor-element-fd2a384 elementor-widget elementor-widget-shortcode\" data-id=\"fd2a384\" data-element_type=\"widget\" data-e-type=\"widget\" data-widget_type=\"shortcode.default\">\n\t\t\t\t<div class=\"elementor-widget-container\">\n\t\t\t\t\t\t\t<div class=\"elementor-shortcode\">\t\t<div data-elementor-type=\"container\" data-elementor-id=\"1322\" class=\"elementor elementor-1322\" data-elementor-settings=\"{&quot;ha_cmc_init_switcher&quot;:&quot;no&quot;}\" data-elementor-post-type=\"elementor_library\">\n\t\t\t\t<div class=\"elementor-element elementor-element-72da3632 e-flex e-con-boxed e-con e-parent\" data-id=\"72da3632\" data-element_type=\"container\" data-e-type=\"container\" data-settings=\"{&quot;_ha_eqh_enable&quot;:false}\">\n\t\t\t\t\t<div class=\"e-con-inner\">\n\t\t\t\t<div class=\"elementor-element elementor-element-7b1756b1 elementor-widget elementor-widget-heading\" data-id=\"7b1756b1\" data-element_type=\"widget\" data-e-type=\"widget\" data-widget_type=\"heading.default\">\n\t\t\t\t<div class=\"elementor-widget-container\">\n\t\t\t\t\t<p class=\"elementor-heading-title elementor-size-default\">Cole\u00e7\u00e3o de Videoarte Alfredo Hertzog: um acervo que se pensa <\/p>\t\t\t\t<\/div>\n\t\t\t\t<\/div>\n\t\t\t\t<div class=\"elementor-element elementor-element-4e93745c elementor-widget elementor-widget-spacer\" data-id=\"4e93745c\" data-element_type=\"widget\" data-e-type=\"widget\" data-widget_type=\"spacer.default\">\n\t\t\t\t<div class=\"elementor-widget-container\">\n\t\t\t\t\t\t\t<div class=\"elementor-spacer\">\n\t\t\t<div class=\"elementor-spacer-inner\"><\/div>\n\t\t<\/div>\n\t\t\t\t\t\t<\/div>\n\t\t\t\t<\/div>\n\t\t\t\t<div class=\"elementor-element elementor-element-2c6d4847 elementor-widget elementor-widget-text-editor\" data-id=\"2c6d4847\" data-element_type=\"widget\" data-e-type=\"widget\" data-widget_type=\"text-editor.default\">\n\t\t\t\t<div class=\"elementor-widget-container\">\n\t\t\t\t\t\t\t\t\t<p>Calcada no contempor\u00e2neo, a videoarte completa mais de meio s\u00e9culo de exist\u00eancia no Brasil. \u00c9 atenta a seu tempo e dedicada a essa express\u00e3o art\u00edstica que se constitui a Cole\u00e7\u00e3o de Videoarte Alfredo Hertzog com mais de 250 trabalhos experimentais, hist\u00f3ricos e recentes da produ\u00e7\u00e3o videogr\u00e1fica.<br \/>Somada a uma forte presen\u00e7a da videoarte brasileira, a cole\u00e7\u00e3o integra artistas renomados diversas nacionalidades como \u00c1frica do Sul, Alb\u00e2nia, Alemanha, Argentina, \u00c1ustria, B\u00e9lgica, Bulg\u00e1ria, Canad\u00e1, Chile, Col\u00f4mbia, Cuba, Esc\u00f3cia, Espanha, Estados Unidos, Fran\u00e7a, Inglaterra, Israel, It\u00e1lia, Jap\u00e3o, L\u00edbano, M\u00e9xico, Peru, Portugal, R\u00fassia, S\u00e9rvia, Su\u00ed\u00e7a, Taiwan e Ucr\u00e2nia.<br \/>Constitu\u00edda de forma precoce, a Cole\u00e7\u00e3o se estabeleceu j\u00e1 na d\u00e9cada de 1980, com aquisi\u00e7\u00e3o de obras dos anos 1970, momento em que &#8220;novas m\u00eddias&#8221;, entre elas a videoarte, se consolidavam no campo art\u00edstico brasileiro, buscando reconhecimento nas exposi\u00e7\u00f5es de museus, galerias e bienais. Os anos que se passam entre a primeira e a segunda metade da d\u00e9cada de 1970 definem o in\u00edcio da primeira gera\u00e7\u00e3o de videoartistas no Brasil, per\u00edodo este que \u00e9 acentuado pela profus\u00e3o de trabalhos realizados por mulheres artistas. S\u00e3o v\u00eddeos hist\u00f3ricos que marcaram \u00e9poca e as artes brasileiras por seu car\u00e1ter experimental e forte teor pol\u00edtico. Entre os trabalhos dessa fase que integram a Cole\u00e7\u00e3o, h\u00e1 tr\u00eas v\u00eddeos da artista baiana, radicada no Rio de Janeiro, Let\u00edcia Parente (Brasil, 1930-1991), com destaque para Marca Registrada de 1975. Uma de suas obras mais conhecidas, \u00e9 neste registro que vemos a artista costurar com linha e agulha a express\u00e3o \u201cMade in Brasil\u201d sobre a sola de seu p\u00e9. Al\u00e9m de Parente, o repert\u00f3rio da Cole\u00e7\u00e3o da d\u00e9cada de 1970 se completa com os v\u00eddeos das artistas Carmela Gross (Brasil, 1946), Lucila Meirelles (Brasil, 1953), Regina Vater (Brasil, 1943) e Gretta Sarfaty (Gr\u00e9cia-Brasil,1947). Em continuidade dessa primeira gera\u00e7\u00e3o da videoarte brasileira, outro destaque da Cole\u00e7\u00e3o s\u00e3o as obras de Rafael Fran\u00e7a (Brasil, 1957-1991), em especial, Prel\u00fadio de uma morte anunciada de 1991. Este v\u00eddeo \u00e9 uma reflex\u00e3o autobiogr\u00e1fica, finalizado poucos dias antes de seu falecimento decorrente de complica\u00e7\u00f5es advindas da AIDS. No \u00e2mbito internacional, das obras dos anos 1980, se destaca Sync Touch, de 1984, da estadunidense, ativista l\u00e9sbica-feminista, precursora do filme experimental e queer, Barbara Hammer (EUA, 1939-2019).<br \/>Atualmente a maior parte do acervo \u00e9 composta por obras realizadas nas d\u00e9cadas de 2000 e 2010. No n\u00facleo nacional sobressaem os trabalhos de Br\u00edgida Baltar (Brasil, 1959-2022), Cao Guimar\u00e3es (Brasil, 1965), Cinthia Marcelle (Brasil, 1974), Dalton Paula (Brasil, 1982), Eder Santos (Brasil, 1960), Eduardo Kac (Brasil, 1962), Jonathas de Andrade (Brasil, 1982), Lenora de Barros (Brasil, 1953), Marcia Beatriz Granero (Brasil, 1982) e as duplas: Gisela Motta (Brasil, 1976) &amp; Leandro Lima (Brasil,1976), Angela Detanico (Brasil, 1974) &amp; Rafael Lain (Brasil, 1973) e Dias (Brasil, 964) &amp; Riedweg (Su\u00ed\u00e7a, 1955).<br \/>J\u00e1 no rol internacional o acervo re\u00fane Adrian Melis (Cuba, 1985), Antoni Muntadas (Espanha, 1942), Charbel-joseph Boutros (L\u00edbano, 1981), David Claerbout (B\u00e9lgica, 1969), Filipa Cesar (Portugal, 1975), Humberto Di\u0301az (Cuba, 1975), Jorge Macchi (Argentina, 1963), Marina Abramovi\u0107 (Servia, 1946), Mauricio Alejo (M\u00e9xico, 1969), Gabriel Acevedo Velarde (Peru, 1976), Kaoru Katayama (Jap\u00e3o, 1991) e a dupla, John Wood (Jap\u00e3o, 1969) &amp; Paul Harrison (Inglaterra, 1966). Entre as obras mais recentes, produzidas a partir de 2020, destacam-se os trabalhos das artistas dissidentes como Jota Momba\u00e7a (Brasil, 1991), Manauara Clandestina (Brasil, 1992) e Seba Calfuqueo (Chile, 1991). Com trabalho voltado tamb\u00e9m \u00e0 pesquisa, a incorpora\u00e7\u00e3o de obras dessas jovens artistas demonstram a dedica\u00e7\u00e3o da Cole\u00e7\u00e3o n\u00e3o s\u00f3 com a hist\u00f3ria e o experimentalismo de outrora, mas com o que h\u00e1 de mais oxigenado na videoarte.<\/p><p>\u00a0<\/p><p>Khadyg Fares, maio de 2024<\/p>\t\t\t\t\t\t\t\t<\/div>\n\t\t\t\t<\/div>\n\t\t\t\t\t<\/div>\n\t\t\t\t<\/div>\n\t\t\t\t<\/div>\n\t\t<\/div>\n\t\t\t\t\t\t<\/div>\n\t\t\t\t<\/div>\n\t\t\t\t\t<\/div>\n\t\t\t\t<\/div>\n\t\t\t\t<\/div>\n\t\t","protected":false},"excerpt":{"rendered":"<p>Sobre<\/p>\n","protected":false},"author":1,"featured_media":0,"parent":0,"menu_order":0,"comment_status":"closed","ping_status":"closed","template":"elementor_header_footer","meta":{"inline_featured_image":false,"footnotes":""},"class_list":["post-1701","page","type-page","status-publish","hentry"],"aioseo_notices":[],"yoast_head":"<!-- This site is optimized with the Yoast SEO Premium plugin v23.4 (Yoast SEO v27.3) - https:\/\/yoast.com\/product\/yoast-seo-premium-wordpress\/ -->\n<title>Alfredo Hertzog video collection<\/title>\n<meta name=\"description\" content=\"\u00c9 atenta a seu tempo e dedicada a essa express\u00e3o art\u00edstica que se constitui a Cole\u00e7\u00e3o de Videoarte Alfredo Hertzog com mais de 250 trabalhos experimentais, hist\u00f3ricos e recentes da produ\u00e7\u00e3o videogr\u00e1fica.\" \/>\n<meta name=\"robots\" content=\"index, follow, max-snippet:-1, max-image-preview:large, max-video-preview:-1\" \/>\n<link rel=\"canonical\" href=\"https:\/\/ahertzogvideoarte.com\/collection\/sobre\/\" \/>\n<meta property=\"og:locale\" content=\"en_US\" \/>\n<meta property=\"og:type\" content=\"article\" \/>\n<meta property=\"og:title\" content=\"Alfredo Hertzog video collection\" \/>\n<meta property=\"og:description\" content=\"\u00c9 atenta a seu tempo e dedicada a essa express\u00e3o art\u00edstica que se constitui a Cole\u00e7\u00e3o de Videoarte Alfredo Hertzog com mais de 250 trabalhos experimentais, hist\u00f3ricos e recentes da produ\u00e7\u00e3o videogr\u00e1fica.\" \/>\n<meta property=\"og:url\" content=\"https:\/\/ahertzogvideoarte.com\/collection\/sobre\/\" \/>\n<meta property=\"og:site_name\" content=\"AHERTZOG\" \/>\n<meta property=\"article:modified_time\" content=\"2024-05-23T00:05:01+00:00\" \/>\n<meta property=\"og:image\" content=\"https:\/\/ahertzogvideoarte.com\/collection\/wp-content\/uploads\/2024\/03\/ahertzog-marca-ico1.png\" \/>\n\t<meta property=\"og:image:width\" content=\"512\" \/>\n\t<meta property=\"og:image:height\" content=\"512\" \/>\n\t<meta property=\"og:image:type\" content=\"image\/png\" \/>\n<meta name=\"twitter:card\" content=\"summary_large_image\" \/>\n<script type=\"application\/ld+json\" class=\"yoast-schema-graph\">{\"@context\":\"https:\\\/\\\/schema.org\",\"@graph\":[{\"@type\":\"WebPage\",\"@id\":\"https:\\\/\\\/ahertzogvideoarte.com\\\/collection\\\/sobre\\\/\",\"url\":\"https:\\\/\\\/ahertzogvideoarte.com\\\/collection\\\/sobre\\\/\",\"name\":\"Alfredo Hertzog video collection\",\"isPartOf\":{\"@id\":\"https:\\\/\\\/ahertzogvideoarte.com\\\/collection\\\/#website\"},\"datePublished\":\"2024-05-22T22:10:28+00:00\",\"dateModified\":\"2024-05-23T00:05:01+00:00\",\"description\":\"\u00c9 atenta a seu tempo e dedicada a essa express\u00e3o art\u00edstica que se constitui a Cole\u00e7\u00e3o de Videoarte Alfredo Hertzog com mais de 250 trabalhos experimentais, hist\u00f3ricos e recentes da produ\u00e7\u00e3o videogr\u00e1fica.\",\"breadcrumb\":{\"@id\":\"https:\\\/\\\/ahertzogvideoarte.com\\\/collection\\\/sobre\\\/#breadcrumb\"},\"inLanguage\":\"en-US\",\"potentialAction\":[{\"@type\":\"ReadAction\",\"target\":[\"https:\\\/\\\/ahertzogvideoarte.com\\\/collection\\\/sobre\\\/\"]}]},{\"@type\":\"BreadcrumbList\",\"@id\":\"https:\\\/\\\/ahertzogvideoarte.com\\\/collection\\\/sobre\\\/#breadcrumb\",\"itemListElement\":[{\"@type\":\"ListItem\",\"position\":1,\"name\":\"Home\",\"item\":\"https:\\\/\\\/ahertzogvideoarte.com\\\/collection\\\/\"},{\"@type\":\"ListItem\",\"position\":2,\"name\":\"Sobre\"}]},{\"@type\":\"WebSite\",\"@id\":\"https:\\\/\\\/ahertzogvideoarte.com\\\/collection\\\/#website\",\"url\":\"https:\\\/\\\/ahertzogvideoarte.com\\\/collection\\\/\",\"name\":\"AHERTZOG\",\"description\":\"\",\"publisher\":{\"@id\":\"https:\\\/\\\/ahertzogvideoarte.com\\\/collection\\\/#organization\"},\"potentialAction\":[{\"@type\":\"SearchAction\",\"target\":{\"@type\":\"EntryPoint\",\"urlTemplate\":\"https:\\\/\\\/ahertzogvideoarte.com\\\/collection\\\/?s={search_term_string}\"},\"query-input\":{\"@type\":\"PropertyValueSpecification\",\"valueRequired\":true,\"valueName\":\"search_term_string\"}}],\"inLanguage\":\"en-US\"},{\"@type\":\"Organization\",\"@id\":\"https:\\\/\\\/ahertzogvideoarte.com\\\/collection\\\/#organization\",\"name\":\"Alfredo Hertzog video collection\",\"url\":\"https:\\\/\\\/ahertzogvideoarte.com\\\/collection\\\/\",\"logo\":{\"@type\":\"ImageObject\",\"inLanguage\":\"en-US\",\"@id\":\"https:\\\/\\\/ahertzogvideoarte.com\\\/collection\\\/#\\\/schema\\\/logo\\\/image\\\/\",\"url\":\"https:\\\/\\\/ahertzogvideoarte.com\\\/collection\\\/wp-content\\\/uploads\\\/2024\\\/03\\\/ahertzog-marca-ico1.png\",\"contentUrl\":\"https:\\\/\\\/ahertzogvideoarte.com\\\/collection\\\/wp-content\\\/uploads\\\/2024\\\/03\\\/ahertzog-marca-ico1.png\",\"width\":512,\"height\":512,\"caption\":\"Alfredo Hertzog video collection\"},\"image\":{\"@id\":\"https:\\\/\\\/ahertzogvideoarte.com\\\/collection\\\/#\\\/schema\\\/logo\\\/image\\\/\"}}]}<\/script>\n<!-- \/ Yoast SEO Premium plugin. -->","yoast_head_json":{"title":"Alfredo Hertzog video collection","description":"\u00c9 atenta a seu tempo e dedicada a essa express\u00e3o art\u00edstica que se constitui a Cole\u00e7\u00e3o de Videoarte Alfredo Hertzog com mais de 250 trabalhos experimentais, hist\u00f3ricos e recentes da produ\u00e7\u00e3o videogr\u00e1fica.","robots":{"index":"index","follow":"follow","max-snippet":"max-snippet:-1","max-image-preview":"max-image-preview:large","max-video-preview":"max-video-preview:-1"},"canonical":"https:\/\/ahertzogvideoarte.com\/collection\/sobre\/","og_locale":"en_US","og_type":"article","og_title":"Alfredo Hertzog video collection","og_description":"\u00c9 atenta a seu tempo e dedicada a essa express\u00e3o art\u00edstica que se constitui a Cole\u00e7\u00e3o de Videoarte Alfredo Hertzog com mais de 250 trabalhos experimentais, hist\u00f3ricos e recentes da produ\u00e7\u00e3o videogr\u00e1fica.","og_url":"https:\/\/ahertzogvideoarte.com\/collection\/sobre\/","og_site_name":"AHERTZOG","article_modified_time":"2024-05-23T00:05:01+00:00","og_image":[{"width":512,"height":512,"url":"https:\/\/ahertzogvideoarte.com\/collection\/wp-content\/uploads\/2024\/03\/ahertzog-marca-ico1.png","type":"image\/png"}],"twitter_card":"summary_large_image","schema":{"@context":"https:\/\/schema.org","@graph":[{"@type":"WebPage","@id":"https:\/\/ahertzogvideoarte.com\/collection\/sobre\/","url":"https:\/\/ahertzogvideoarte.com\/collection\/sobre\/","name":"Alfredo Hertzog video collection","isPartOf":{"@id":"https:\/\/ahertzogvideoarte.com\/collection\/#website"},"datePublished":"2024-05-22T22:10:28+00:00","dateModified":"2024-05-23T00:05:01+00:00","description":"\u00c9 atenta a seu tempo e dedicada a essa express\u00e3o art\u00edstica que se constitui a Cole\u00e7\u00e3o de Videoarte Alfredo Hertzog com mais de 250 trabalhos experimentais, hist\u00f3ricos e recentes da produ\u00e7\u00e3o videogr\u00e1fica.","breadcrumb":{"@id":"https:\/\/ahertzogvideoarte.com\/collection\/sobre\/#breadcrumb"},"inLanguage":"en-US","potentialAction":[{"@type":"ReadAction","target":["https:\/\/ahertzogvideoarte.com\/collection\/sobre\/"]}]},{"@type":"BreadcrumbList","@id":"https:\/\/ahertzogvideoarte.com\/collection\/sobre\/#breadcrumb","itemListElement":[{"@type":"ListItem","position":1,"name":"Home","item":"https:\/\/ahertzogvideoarte.com\/collection\/"},{"@type":"ListItem","position":2,"name":"Sobre"}]},{"@type":"WebSite","@id":"https:\/\/ahertzogvideoarte.com\/collection\/#website","url":"https:\/\/ahertzogvideoarte.com\/collection\/","name":"AHERTZOG","description":"","publisher":{"@id":"https:\/\/ahertzogvideoarte.com\/collection\/#organization"},"potentialAction":[{"@type":"SearchAction","target":{"@type":"EntryPoint","urlTemplate":"https:\/\/ahertzogvideoarte.com\/collection\/?s={search_term_string}"},"query-input":{"@type":"PropertyValueSpecification","valueRequired":true,"valueName":"search_term_string"}}],"inLanguage":"en-US"},{"@type":"Organization","@id":"https:\/\/ahertzogvideoarte.com\/collection\/#organization","name":"Alfredo Hertzog video collection","url":"https:\/\/ahertzogvideoarte.com\/collection\/","logo":{"@type":"ImageObject","inLanguage":"en-US","@id":"https:\/\/ahertzogvideoarte.com\/collection\/#\/schema\/logo\/image\/","url":"https:\/\/ahertzogvideoarte.com\/collection\/wp-content\/uploads\/2024\/03\/ahertzog-marca-ico1.png","contentUrl":"https:\/\/ahertzogvideoarte.com\/collection\/wp-content\/uploads\/2024\/03\/ahertzog-marca-ico1.png","width":512,"height":512,"caption":"Alfredo Hertzog video collection"},"image":{"@id":"https:\/\/ahertzogvideoarte.com\/collection\/#\/schema\/logo\/image\/"}}]}},"_links":{"self":[{"href":"https:\/\/ahertzogvideoarte.com\/collection\/wp-json\/wp\/v2\/pages\/1701","targetHints":{"allow":["GET"]}}],"collection":[{"href":"https:\/\/ahertzogvideoarte.com\/collection\/wp-json\/wp\/v2\/pages"}],"about":[{"href":"https:\/\/ahertzogvideoarte.com\/collection\/wp-json\/wp\/v2\/types\/page"}],"author":[{"embeddable":true,"href":"https:\/\/ahertzogvideoarte.com\/collection\/wp-json\/wp\/v2\/users\/1"}],"replies":[{"embeddable":true,"href":"https:\/\/ahertzogvideoarte.com\/collection\/wp-json\/wp\/v2\/comments?post=1701"}],"version-history":[{"count":16,"href":"https:\/\/ahertzogvideoarte.com\/collection\/wp-json\/wp\/v2\/pages\/1701\/revisions"}],"predecessor-version":[{"id":1777,"href":"https:\/\/ahertzogvideoarte.com\/collection\/wp-json\/wp\/v2\/pages\/1701\/revisions\/1777"}],"wp:attachment":[{"href":"https:\/\/ahertzogvideoarte.com\/collection\/wp-json\/wp\/v2\/media?parent=1701"}],"curies":[{"name":"wp","href":"https:\/\/api.w.org\/{rel}","templated":true}]}}