{"id":6646,"date":"2024-07-16T17:29:43","date_gmt":"2024-07-16T17:29:43","guid":{"rendered":"https:\/\/ahertzogvideoarte.com\/collection\/?page_id=6646"},"modified":"2026-01-16T19:05:47","modified_gmt":"2026-01-16T19:05:47","slug":"contato","status":"publish","type":"page","link":"https:\/\/ahertzogvideoarte.com\/collection\/contato\/","title":{"rendered":"Contato"},"content":{"rendered":"\t\t<div data-elementor-type=\"wp-page\" data-elementor-id=\"6646\" class=\"elementor elementor-6646\" data-elementor-settings=\"{&quot;ha_cmc_init_switcher&quot;:&quot;no&quot;}\" data-elementor-post-type=\"page\">\n\t\t\t\t\t\t<section class=\"elementor-section elementor-top-section elementor-element elementor-element-945a85 elementor-section-full_width page elementor-hidden-widescreen elementor-hidden-desktop elementor-hidden-laptop elementor-hidden-tablet elementor-section-height-default elementor-section-height-default\" data-id=\"945a85\" data-element_type=\"section\" data-e-type=\"section\" id=\"contact\" data-settings=\"{&quot;background_background&quot;:&quot;classic&quot;,&quot;_ha_eqh_enable&quot;:false}\">\n\t\t\t\t\t\t<div class=\"elementor-container elementor-column-gap-no\">\n\t\t\t\t\t<div class=\"elementor-column elementor-col-100 elementor-top-column elementor-element elementor-element-41662b31\" data-id=\"41662b31\" data-element_type=\"column\" data-e-type=\"column\">\n\t\t\t<div class=\"elementor-widget-wrap elementor-element-populated\">\n\t\t\t\t\t\t<div class=\"elementor-element elementor-element-4f9d4ab5 elementor-align-left elementor-widget elementor-widget-bdevs-contact-section\" data-id=\"4f9d4ab5\" data-element_type=\"widget\" data-e-type=\"widget\" data-widget_type=\"bdevs-contact-section.default\">\n\t\t\t\t<div class=\"elementor-widget-container\">\n\t\t\t\t\t\r\n<div class=\"h-100\">\r\n\t<header>\r\n\t\t\t\t\t<span class=\"title\">Contato<\/span>\r\n\t\t\t\t\t<\/header>\r\n\t<div class=\"content\">\r\n\t\t<div class=\"page-header c12\">\r\n\t\t\t\t\t<\/div>\r\n\t\t\t\t<div class=\"row\">\r\n\t\t\t\t\t\t\t\t\t\t\t\t<div class=\"c6\">\r\n\t\t\t\t\t\t\t\t\t\t\n<div class=\"wpcf7 no-js\" id=\"wpcf7-f255-o1\" lang=\"en-US\" dir=\"ltr\" data-wpcf7-id=\"255\">\n<div class=\"screen-reader-response\"><p role=\"status\" aria-live=\"polite\" aria-atomic=\"true\"><\/p> <ul><\/ul><\/div>\n<form action=\"\/collection\/wp-json\/wp\/v2\/pages\/6646#wpcf7-f255-o1\" method=\"post\" class=\"wpcf7-form init\" aria-label=\"Contact form\" novalidate=\"novalidate\" data-status=\"init\">\n<fieldset class=\"hidden-fields-container\"><input type=\"hidden\" name=\"_wpcf7\" value=\"255\" \/><input type=\"hidden\" name=\"_wpcf7_version\" value=\"6.1.5\" \/><input type=\"hidden\" name=\"_wpcf7_locale\" value=\"en_US\" \/><input type=\"hidden\" name=\"_wpcf7_unit_tag\" value=\"wpcf7-f255-o1\" \/><input type=\"hidden\" name=\"_wpcf7_container_post\" value=\"0\" \/><input type=\"hidden\" name=\"_wpcf7_posted_data_hash\" value=\"\" \/><input type=\"hidden\" name=\"_wpcf7_recaptcha_response\" value=\"\" \/>\n<\/fieldset>\n<h2 class=\"gamma\">Contato<\/h2>\n<div id=\"frmContact\">\n    <div>\n        <span class=\"wpcf7-form-control-wrap\" data-name=\"userName\"><input size=\"40\" maxlength=\"400\" class=\"wpcf7-form-control wpcf7-text wpcf7-validates-as-required\" id=\"userName\" aria-required=\"true\" aria-invalid=\"false\" placeholder=\"Nome\" value=\"\" type=\"text\" name=\"userName\" \/><\/span>\n    <\/div>\n    <div>\n        <span class=\"wpcf7-form-control-wrap\" data-name=\"userEmail\"><input size=\"40\" maxlength=\"400\" class=\"wpcf7-form-control wpcf7-email wpcf7-validates-as-required wpcf7-text wpcf7-validates-as-email demoInputBox\" id=\"userEmail\" aria-required=\"true\" aria-invalid=\"false\" placeholder=\"Email\" value=\"\" type=\"email\" name=\"userEmail\" \/><\/span>\n    <\/div>\n    <div>\n        <span class=\"wpcf7-form-control-wrap\" data-name=\"subject\"><input size=\"40\" maxlength=\"400\" class=\"wpcf7-form-control wpcf7-text wpcf7-validates-as-required demoInputBox\" id=\"subject\" aria-required=\"true\" aria-invalid=\"false\" placeholder=\"Assunto\" value=\"\" type=\"text\" name=\"subject\" \/><\/span>\n    <\/div>\n    <div>\n        <span class=\"wpcf7-form-control-wrap\" data-name=\"content\"><textarea cols=\"60\" rows=\"5\" maxlength=\"2000\" class=\"wpcf7-form-control wpcf7-textarea wpcf7-validates-as-required demoInputBox\" id=\"content\" aria-required=\"true\" aria-invalid=\"false\" placeholder=\"Mensagem\" name=\"content\"><\/textarea><\/span>\n    <\/div>\n    <div>\n        <input class=\"wpcf7-form-control wpcf7-submit has-spinner btnAction\" type=\"submit\" value=\"Enviar\" \/>\n    <\/div>\n<\/div><p style=\"display: none !important;\" class=\"akismet-fields-container\" data-prefix=\"_wpcf7_ak_\"><label>&#916;<textarea name=\"_wpcf7_ak_hp_textarea\" cols=\"45\" rows=\"8\" maxlength=\"100\"><\/textarea><\/label><input type=\"hidden\" id=\"ak_js_1\" name=\"_wpcf7_ak_js\" value=\"160\"\/><script>document.getElementById( \"ak_js_1\" ).setAttribute( \"value\", ( new Date() ).getTime() );<\/script><\/p><div class=\"wpcf7-response-output\" aria-hidden=\"true\"><\/div>\n<\/form>\n<\/div>\n\t\t\t\t\t<\/div>\r\n\t\t\t\t\t\t\t\t\t\t\t\t\t\t\t<div class=\"c6\">\r\n\t\t\t\t\t\t\t\t\t\t\t\t\t\t\t\t\t\t\t\t\t\t\t\t\t\t\t\t\t<ul class=\"contact-details\">\r\n\t\t\t\t\t\t\t\t\t\t\t\t\t\t\t\t\t<li>\r\n\t\t\t\t\t\t\t\t\t\t\t\t\t\t\t\t\t\t\t\t\t\t\t\t\t\t\t\t\t\t\t<span><a href=\"mailto:alfredohertzogart@gmail.com\">alfredohertzogart@gmail.com<\/a><\/span>\r\n\t\t\t\t\t\t\t\t\t\t\t\t\t\t\t\t\t\t\t<\/li>\r\n\t\t\t\t\t\t\t\t\t\t\t\t\t\t\t<\/ul>\r\n\t\t\t\t\t\t\t\t\t\t\t<\/div>\r\n\t\t\t\t\t<\/div>\r\n\t\t\t\t\t<footer>\r\n\t\t\t\t<div class=\"row\">\r\n\t\t\t\t\t<div class=\"c12 end\">\r\n\t\t\t\t\t\t<div class=\"footer-inner\">\r\n\t\t\t\t\t\t\t\t\t\t\t\t\t\t\t<p class=\"copyright\"><footer style=\"align-items: center;justify-content: flex-start;gap: 10px;padding: 10px\">\n    <img decoding=\"async\" src=\"https:\/\/ahertzogvideoarte.com\/collection\/wp-content\/uploads\/2024\/03\/cropped-ahertzog-marca-ico1-1.png\" alt=\"AHertzog Videoarte\" style=\"height:105px;width:auto;opacity:0.8\">\n    <div style=\"font-size:11px;line-height: 1.2\">\n\n        \u00a9 2026 \u2022 AHERTZOG videoarte<br>\n        Todos os Direitos Reservados\n    <\/div>\n<\/footer>\n<\/p>\r\n\t\t\t\t\t\t\t\t\t\t\t\t\t\t\t\t\t\t\t\t\t\t<ul class=\"social-footer\">\r\n\t\t\t\t\t\t\t\t\t\t\t\t\t\t\t\t\t\t\t<li>\r\n\t\t\t\t\t\t\t\t\t\t\t<a target=\"_blank\" href=\"\">\r\n\t\t\t\t\t\t\t\t\t\t\t\t<footer style=\"align-items: center;justify-content: flex-start;padding: 10px\">\n\n<p \/>\n<p \/>\n<p \/>\n\n        site by \n        <a href=\"https:\/\/astronautamecanico.com\/\" target=\"_blank\" rel=\"noopener noreferrer\" style=\"font-size:11px\">\n           AM\n        <\/a>\n    <\/span>\n<\/footer>\n\t\t\t\t\t\t\t\t\t\t\t<\/a>\r\n\t\t\t\t\t\t\t\t\t\t<\/li>\r\n\t\t\t\t\t\t\t\t\t\t\t\t\t\t\t\t\t<\/ul>\r\n\t\t\t\t\t\t\t\t\t\t\t\t\t<\/div>\r\n\t\t\t\t\t<\/div>\r\n\t\t\t\t<\/div>\r\n\t\t\t<\/footer>\r\n\t\t\t<\/div>\r\n<\/div>\r\n\r\n\r\n<script type=\"text\/javascript\">\r\n\t\/* ==========================================================================\r\n\t\tMap\r\n\t   ========================================================================== *\/\r\n\tjQuery( document ).ready(function(){\r\n\t\tlet mapOptions = {\r\n\t\t\tcenter:[40.712776, -74.005974],\r\n\t\t\tzoom:17,\r\n\t\t}\r\n\t\tlet map = new L.map(document.getElementById(\"map\") , mapOptions);\r\n\t\tlet layer = new L.TileLayer('http:\/\/{s}.tile.openstreetmap.org\/{z}\/{x}\/{y}.png', { attribution: '&copy; <a  target=\"_blank\" href=\"http:\/\/www.openstreetmap.org\/#map\">OpenStreetMap<\/a>' });\r\n\t\tmap.addLayer(layer);\r\n\r\n\t\tlet customIcon = {\r\n\t\t  iconUrl:\"\",\r\n\t\t  iconSize:[57,67]\r\n\t\t}\r\n\t\tlet myIcon = L.icon(customIcon);\r\n\t\tlet iconOptions = {\r\n\t\t\ttitle:\"\",\r\n\t\t\ticon:myIcon\r\n\t\t}\r\n\t\tlet marker = new L.Marker([40.712776, -74.005974] , iconOptions);\r\n\t\tmarker.addTo(map);\r\n\t});\r\n<\/script>\r\n\r\n\r\n\r\n\r\n\t\t\t\t<\/div>\n\t\t\t\t<\/div>\n\t\t\t\t\t<\/div>\n\t\t<\/div>\n\t\t\t\t\t<\/div>\n\t\t<\/section>\n\t\t\t\t<\/div>\n\t\t","protected":false},"excerpt":{"rendered":"<p>Contato Contato &#916; alfredohertzogart@gmail.com \u00a9 2026 \u2022 AHERTZOG videoarte Todos os Direitos Reservados site by AM<\/p>\n","protected":false},"author":1,"featured_media":0,"parent":0,"menu_order":0,"comment_status":"closed","ping_status":"closed","template":"elementor_header_footer","meta":{"inline_featured_image":false,"footnotes":""},"class_list":["post-6646","page","type-page","status-publish","hentry"],"aioseo_notices":[],"yoast_head":"<!-- This site is optimized with the Yoast SEO Premium plugin v23.4 (Yoast SEO v27.3) - https:\/\/yoast.com\/product\/yoast-seo-premium-wordpress\/ -->\n<title>Alfredo Hertzog video collection<\/title>\n<meta name=\"description\" content=\"\u00c9 atenta a seu tempo e dedicada a essa express\u00e3o art\u00edstica que se constitui a Cole\u00e7\u00e3o de Videoarte Alfredo Hertzog com mais de 250 trabalhos experimentais, hist\u00f3ricos e recentes da produ\u00e7\u00e3o videogr\u00e1fica.\" \/>\n<meta name=\"robots\" content=\"index, follow, max-snippet:-1, max-image-preview:large, max-video-preview:-1\" \/>\n<link rel=\"canonical\" href=\"https:\/\/ahertzogvideoarte.com\/collection\/contato\/\" \/>\n<meta property=\"og:locale\" content=\"en_US\" \/>\n<meta property=\"og:type\" content=\"article\" \/>\n<meta property=\"og:title\" content=\"Alfredo Hertzog video collection\" \/>\n<meta property=\"og:description\" content=\"\u00c9 atenta a seu tempo e dedicada a essa express\u00e3o art\u00edstica que se constitui a Cole\u00e7\u00e3o de Videoarte Alfredo Hertzog com mais de 250 trabalhos experimentais, hist\u00f3ricos e recentes da produ\u00e7\u00e3o videogr\u00e1fica.\" \/>\n<meta property=\"og:url\" content=\"https:\/\/ahertzogvideoarte.com\/collection\/contato\/\" \/>\n<meta property=\"og:site_name\" content=\"AHERTZOG\" \/>\n<meta property=\"article:modified_time\" content=\"2026-01-16T19:05:47+00:00\" \/>\n<meta property=\"og:image\" content=\"https:\/\/ahertzogvideoarte.com\/collection\/wp-content\/uploads\/2024\/03\/cropped-ahertzog-marca-ico1-1.png\" \/>\n<meta name=\"twitter:card\" content=\"summary_large_image\" \/>\n<meta name=\"twitter:label1\" content=\"Est. reading time\" \/>\n\t<meta name=\"twitter:data1\" content=\"1 minute\" \/>\n<script type=\"application\/ld+json\" class=\"yoast-schema-graph\">{\"@context\":\"https:\\\/\\\/schema.org\",\"@graph\":[{\"@type\":\"WebPage\",\"@id\":\"https:\\\/\\\/ahertzogvideoarte.com\\\/collection\\\/contato\\\/\",\"url\":\"https:\\\/\\\/ahertzogvideoarte.com\\\/collection\\\/contato\\\/\",\"name\":\"Alfredo Hertzog video collection\",\"isPartOf\":{\"@id\":\"https:\\\/\\\/ahertzogvideoarte.com\\\/collection\\\/#website\"},\"primaryImageOfPage\":{\"@id\":\"https:\\\/\\\/ahertzogvideoarte.com\\\/collection\\\/contato\\\/#primaryimage\"},\"image\":{\"@id\":\"https:\\\/\\\/ahertzogvideoarte.com\\\/collection\\\/contato\\\/#primaryimage\"},\"thumbnailUrl\":\"https:\\\/\\\/ahertzogvideoarte.com\\\/collection\\\/wp-content\\\/uploads\\\/2024\\\/03\\\/cropped-ahertzog-marca-ico1-1.png\",\"datePublished\":\"2024-07-16T17:29:43+00:00\",\"dateModified\":\"2026-01-16T19:05:47+00:00\",\"description\":\"\u00c9 atenta a seu tempo e dedicada a essa express\u00e3o art\u00edstica que se constitui a Cole\u00e7\u00e3o de Videoarte Alfredo Hertzog com mais de 250 trabalhos experimentais, hist\u00f3ricos e recentes da produ\u00e7\u00e3o videogr\u00e1fica.\",\"breadcrumb\":{\"@id\":\"https:\\\/\\\/ahertzogvideoarte.com\\\/collection\\\/contato\\\/#breadcrumb\"},\"inLanguage\":\"en-US\",\"potentialAction\":[{\"@type\":\"ReadAction\",\"target\":[\"https:\\\/\\\/ahertzogvideoarte.com\\\/collection\\\/contato\\\/\"]}]},{\"@type\":\"ImageObject\",\"inLanguage\":\"en-US\",\"@id\":\"https:\\\/\\\/ahertzogvideoarte.com\\\/collection\\\/contato\\\/#primaryimage\",\"url\":\"https:\\\/\\\/ahertzogvideoarte.com\\\/collection\\\/wp-content\\\/uploads\\\/2024\\\/03\\\/cropped-ahertzog-marca-ico1-1.png\",\"contentUrl\":\"https:\\\/\\\/ahertzogvideoarte.com\\\/collection\\\/wp-content\\\/uploads\\\/2024\\\/03\\\/cropped-ahertzog-marca-ico1-1.png\",\"width\":512,\"height\":512},{\"@type\":\"BreadcrumbList\",\"@id\":\"https:\\\/\\\/ahertzogvideoarte.com\\\/collection\\\/contato\\\/#breadcrumb\",\"itemListElement\":[{\"@type\":\"ListItem\",\"position\":1,\"name\":\"Home\",\"item\":\"https:\\\/\\\/ahertzogvideoarte.com\\\/collection\\\/\"},{\"@type\":\"ListItem\",\"position\":2,\"name\":\"Contato\"}]},{\"@type\":\"WebSite\",\"@id\":\"https:\\\/\\\/ahertzogvideoarte.com\\\/collection\\\/#website\",\"url\":\"https:\\\/\\\/ahertzogvideoarte.com\\\/collection\\\/\",\"name\":\"AHERTZOG\",\"description\":\"\",\"publisher\":{\"@id\":\"https:\\\/\\\/ahertzogvideoarte.com\\\/collection\\\/#organization\"},\"potentialAction\":[{\"@type\":\"SearchAction\",\"target\":{\"@type\":\"EntryPoint\",\"urlTemplate\":\"https:\\\/\\\/ahertzogvideoarte.com\\\/collection\\\/?s={search_term_string}\"},\"query-input\":{\"@type\":\"PropertyValueSpecification\",\"valueRequired\":true,\"valueName\":\"search_term_string\"}}],\"inLanguage\":\"en-US\"},{\"@type\":\"Organization\",\"@id\":\"https:\\\/\\\/ahertzogvideoarte.com\\\/collection\\\/#organization\",\"name\":\"Alfredo Hertzog video collection\",\"url\":\"https:\\\/\\\/ahertzogvideoarte.com\\\/collection\\\/\",\"logo\":{\"@type\":\"ImageObject\",\"inLanguage\":\"en-US\",\"@id\":\"https:\\\/\\\/ahertzogvideoarte.com\\\/collection\\\/#\\\/schema\\\/logo\\\/image\\\/\",\"url\":\"https:\\\/\\\/ahertzogvideoarte.com\\\/collection\\\/wp-content\\\/uploads\\\/2024\\\/03\\\/ahertzog-marca-ico1.png\",\"contentUrl\":\"https:\\\/\\\/ahertzogvideoarte.com\\\/collection\\\/wp-content\\\/uploads\\\/2024\\\/03\\\/ahertzog-marca-ico1.png\",\"width\":512,\"height\":512,\"caption\":\"Alfredo Hertzog video collection\"},\"image\":{\"@id\":\"https:\\\/\\\/ahertzogvideoarte.com\\\/collection\\\/#\\\/schema\\\/logo\\\/image\\\/\"}}]}<\/script>\n<!-- \/ Yoast SEO Premium plugin. -->","yoast_head_json":{"title":"Alfredo Hertzog video collection","description":"\u00c9 atenta a seu tempo e dedicada a essa express\u00e3o art\u00edstica que se constitui a Cole\u00e7\u00e3o de Videoarte Alfredo Hertzog com mais de 250 trabalhos experimentais, hist\u00f3ricos e recentes da produ\u00e7\u00e3o videogr\u00e1fica.","robots":{"index":"index","follow":"follow","max-snippet":"max-snippet:-1","max-image-preview":"max-image-preview:large","max-video-preview":"max-video-preview:-1"},"canonical":"https:\/\/ahertzogvideoarte.com\/collection\/contato\/","og_locale":"en_US","og_type":"article","og_title":"Alfredo Hertzog video collection","og_description":"\u00c9 atenta a seu tempo e dedicada a essa express\u00e3o art\u00edstica que se constitui a Cole\u00e7\u00e3o de Videoarte Alfredo Hertzog com mais de 250 trabalhos experimentais, hist\u00f3ricos e recentes da produ\u00e7\u00e3o videogr\u00e1fica.","og_url":"https:\/\/ahertzogvideoarte.com\/collection\/contato\/","og_site_name":"AHERTZOG","article_modified_time":"2026-01-16T19:05:47+00:00","og_image":[{"url":"https:\/\/ahertzogvideoarte.com\/collection\/wp-content\/uploads\/2024\/03\/cropped-ahertzog-marca-ico1-1.png","type":"","width":"","height":""}],"twitter_card":"summary_large_image","twitter_misc":{"Est. reading time":"1 minute"},"schema":{"@context":"https:\/\/schema.org","@graph":[{"@type":"WebPage","@id":"https:\/\/ahertzogvideoarte.com\/collection\/contato\/","url":"https:\/\/ahertzogvideoarte.com\/collection\/contato\/","name":"Alfredo Hertzog video collection","isPartOf":{"@id":"https:\/\/ahertzogvideoarte.com\/collection\/#website"},"primaryImageOfPage":{"@id":"https:\/\/ahertzogvideoarte.com\/collection\/contato\/#primaryimage"},"image":{"@id":"https:\/\/ahertzogvideoarte.com\/collection\/contato\/#primaryimage"},"thumbnailUrl":"https:\/\/ahertzogvideoarte.com\/collection\/wp-content\/uploads\/2024\/03\/cropped-ahertzog-marca-ico1-1.png","datePublished":"2024-07-16T17:29:43+00:00","dateModified":"2026-01-16T19:05:47+00:00","description":"\u00c9 atenta a seu tempo e dedicada a essa express\u00e3o art\u00edstica que se constitui a Cole\u00e7\u00e3o de Videoarte Alfredo Hertzog com mais de 250 trabalhos experimentais, hist\u00f3ricos e recentes da produ\u00e7\u00e3o videogr\u00e1fica.","breadcrumb":{"@id":"https:\/\/ahertzogvideoarte.com\/collection\/contato\/#breadcrumb"},"inLanguage":"en-US","potentialAction":[{"@type":"ReadAction","target":["https:\/\/ahertzogvideoarte.com\/collection\/contato\/"]}]},{"@type":"ImageObject","inLanguage":"en-US","@id":"https:\/\/ahertzogvideoarte.com\/collection\/contato\/#primaryimage","url":"https:\/\/ahertzogvideoarte.com\/collection\/wp-content\/uploads\/2024\/03\/cropped-ahertzog-marca-ico1-1.png","contentUrl":"https:\/\/ahertzogvideoarte.com\/collection\/wp-content\/uploads\/2024\/03\/cropped-ahertzog-marca-ico1-1.png","width":512,"height":512},{"@type":"BreadcrumbList","@id":"https:\/\/ahertzogvideoarte.com\/collection\/contato\/#breadcrumb","itemListElement":[{"@type":"ListItem","position":1,"name":"Home","item":"https:\/\/ahertzogvideoarte.com\/collection\/"},{"@type":"ListItem","position":2,"name":"Contato"}]},{"@type":"WebSite","@id":"https:\/\/ahertzogvideoarte.com\/collection\/#website","url":"https:\/\/ahertzogvideoarte.com\/collection\/","name":"AHERTZOG","description":"","publisher":{"@id":"https:\/\/ahertzogvideoarte.com\/collection\/#organization"},"potentialAction":[{"@type":"SearchAction","target":{"@type":"EntryPoint","urlTemplate":"https:\/\/ahertzogvideoarte.com\/collection\/?s={search_term_string}"},"query-input":{"@type":"PropertyValueSpecification","valueRequired":true,"valueName":"search_term_string"}}],"inLanguage":"en-US"},{"@type":"Organization","@id":"https:\/\/ahertzogvideoarte.com\/collection\/#organization","name":"Alfredo Hertzog video collection","url":"https:\/\/ahertzogvideoarte.com\/collection\/","logo":{"@type":"ImageObject","inLanguage":"en-US","@id":"https:\/\/ahertzogvideoarte.com\/collection\/#\/schema\/logo\/image\/","url":"https:\/\/ahertzogvideoarte.com\/collection\/wp-content\/uploads\/2024\/03\/ahertzog-marca-ico1.png","contentUrl":"https:\/\/ahertzogvideoarte.com\/collection\/wp-content\/uploads\/2024\/03\/ahertzog-marca-ico1.png","width":512,"height":512,"caption":"Alfredo Hertzog video collection"},"image":{"@id":"https:\/\/ahertzogvideoarte.com\/collection\/#\/schema\/logo\/image\/"}}]}},"_links":{"self":[{"href":"https:\/\/ahertzogvideoarte.com\/collection\/wp-json\/wp\/v2\/pages\/6646","targetHints":{"allow":["GET"]}}],"collection":[{"href":"https:\/\/ahertzogvideoarte.com\/collection\/wp-json\/wp\/v2\/pages"}],"about":[{"href":"https:\/\/ahertzogvideoarte.com\/collection\/wp-json\/wp\/v2\/types\/page"}],"author":[{"embeddable":true,"href":"https:\/\/ahertzogvideoarte.com\/collection\/wp-json\/wp\/v2\/users\/1"}],"replies":[{"embeddable":true,"href":"https:\/\/ahertzogvideoarte.com\/collection\/wp-json\/wp\/v2\/comments?post=6646"}],"version-history":[{"count":43,"href":"https:\/\/ahertzogvideoarte.com\/collection\/wp-json\/wp\/v2\/pages\/6646\/revisions"}],"predecessor-version":[{"id":7427,"href":"https:\/\/ahertzogvideoarte.com\/collection\/wp-json\/wp\/v2\/pages\/6646\/revisions\/7427"}],"wp:attachment":[{"href":"https:\/\/ahertzogvideoarte.com\/collection\/wp-json\/wp\/v2\/media?parent=6646"}],"curies":[{"name":"wp","href":"https:\/\/api.w.org\/{rel}","templated":true}]}}