{"id":6674,"date":"2024-07-16T18:34:25","date_gmt":"2024-07-16T18:34:25","guid":{"rendered":"https:\/\/ahertzogvideoarte.com\/collection\/?page_id=6674"},"modified":"2024-07-17T13:06:04","modified_gmt":"2024-07-17T13:06:04","slug":"colecao","status":"publish","type":"page","link":"https:\/\/ahertzogvideoarte.com\/collection\/colecao\/","title":{"rendered":"Colecao"},"content":{"rendered":"\t\t<div data-elementor-type=\"wp-page\" data-elementor-id=\"6674\" class=\"elementor elementor-6674\" data-elementor-settings=\"{&quot;ha_cmc_init_switcher&quot;:&quot;no&quot;}\" data-elementor-post-type=\"page\">\n\t\t\t\t<div class=\"elementor-element elementor-element-0b4f997 elementor-hidden-widescreen elementor-hidden-desktop elementor-hidden-laptop elementor-hidden-tablet elementor-hidden-mobile_extra e-flex e-con-boxed e-con e-parent\" data-id=\"0b4f997\" data-element_type=\"container\" data-e-type=\"container\" data-settings=\"{&quot;background_background&quot;:&quot;classic&quot;,&quot;_ha_eqh_enable&quot;:false}\">\n\t\t\t\t\t<div class=\"e-con-inner\">\n\t\t\t\t<div class=\"elementor-element elementor-element-b6e8c88 elementor-widget elementor-widget-spacer\" data-id=\"b6e8c88\" data-element_type=\"widget\" data-e-type=\"widget\" data-widget_type=\"spacer.default\">\n\t\t\t\t<div class=\"elementor-widget-container\">\n\t\t\t\t\t\t\t<div class=\"elementor-spacer\">\n\t\t\t<div class=\"elementor-spacer-inner\"><\/div>\n\t\t<\/div>\n\t\t\t\t\t\t<\/div>\n\t\t\t\t<\/div>\n\t\t\t\t<div class=\"elementor-element elementor-element-4eda7fe elementor-widget elementor-widget-heading\" data-id=\"4eda7fe\" data-element_type=\"widget\" data-e-type=\"widget\" data-widget_type=\"heading.default\">\n\t\t\t\t<div class=\"elementor-widget-container\">\n\t\t\t\t\t<h2 class=\"elementor-heading-title elementor-size-default\">Cole\u00e7\u00e3o<\/h2>\t\t\t\t<\/div>\n\t\t\t\t<\/div>\n\t\t\t\t<div class=\"elementor-element elementor-element-9e4f4a1 elementor-widget elementor-widget-html\" data-id=\"9e4f4a1\" data-element_type=\"widget\" data-e-type=\"widget\" data-widget_type=\"html.default\">\n\t\t\t\t<div class=\"elementor-widget-container\">\n\t\t\t\t\t<div class=\"search-bar\">\n    <input type=\"text\" id=\"search-input\" placeholder=\"Search\">\n    <i class=\"fas fa-search search-icon\"><\/i>\n    <button id=\"clear-search\" style=\"display:none; margin-left: 10px;\">Limpar<\/button>\n<\/div>\n\n<div id=\"loading-indicator\" style=\"display: none; text-align: center; margin: 20px;\">Loading...<\/div>\n<div id=\"accordion\"><\/div>\n<button id=\"load-more\" style=\"display: block; margin: 20px auto;\">Ver mais<\/button>\n\n<script>\ndocument.addEventListener(\"DOMContentLoaded\", function() {\n    let allPosts = [];\n    let displayedPostsCount = 0;\n    let isLoading = false;\n    let currentVisibleContent = null;\n\n    function fetchAllPosts() {\n        isLoading = true;\n        document.getElementById(\"loading-indicator\").style.display = 'block';\n\n        let allFetchedPosts = [];\n        let page = 1;\n\n        function fetchPage() {\n            fetch(`https:\/\/ahertzogvideoarte.com\/collection\/wp-json\/wp\/v2\/posts?per_page=100&page=${page}`)\n            .then(response => response.json())\n            .then(posts => {\n                if (posts.length) {\n                    allFetchedPosts.push(...posts);\n                    page++;\n                    fetchPage(); \/\/ Fetch next page\n                } else {\n                    allPosts = allFetchedPosts.sort((a, b) => a.title.rendered.localeCompare(b.title.rendered)); \/\/ Sort posts alphabetically\n                    displayPosts(); \/\/ Display sorted posts\n                    isLoading = false;\n                    document.getElementById(\"loading-indicator\").style.display = 'none';\n                }\n            })\n            .catch(error => {\n                console.error('Error fetching posts:', error);\n                isLoading = false;\n                document.getElementById(\"loading-indicator\").style.display = 'none';\n            });\n        }\n\n        fetchPage();\n    }\n\n    function displayPosts(filteredPosts = null, append = false) {\n        const accordion = document.getElementById(\"accordion\");\n        if (!append) {\n            accordion.innerHTML = ''; \/\/ Clear previous content only if not appending\n            displayedPostsCount = 0; \/\/ Reset displayed count if not appending\n        }\n\n        let postsToDisplay = filteredPosts ? filteredPosts : allPosts.slice(displayedPostsCount, displayedPostsCount + 10); \/\/ Adjusted number of posts to load at once\n\n        postsToDisplay.forEach(post => {\n            const postContainer = document.createElement(\"div\");\n\n            const postTitle = document.createElement(\"h3\");\n            postTitle.innerHTML = post.title.rendered;\n            postTitle.style.cursor = \"pointer\";\n            postTitle.style.margin = \"0\";\n            postTitle.style.padding = \"10px\";\n            postTitle.style.textDecoration = \"underline\"; \/\/ Add underline to title\n\n            const postContent = document.createElement(\"div\");\n            postContent.innerHTML = post.content.rendered.replace(\/<h2.*?<\\\/h2>\/g, '');\n            postContent.style.display = \"none\";\n            postContent.style.padding = \"10px\";\n\n            postTitle.addEventListener(\"click\", (event) => {\n                const restrictedVideos = postContent.querySelectorAll('iframe[src*=\"https:\/\/iframe.mediadelivery.net\/embed\/247401\/3cc6c154-8c6d-4f3c-9cf4-61e29a1afb8c\"], iframe[src*=\"https:\/\/iframe.mediadelivery.net\/embed\/247401\/f8cfcacc-c2ee-4305-acbd-cd006864ccba\"], iframe[src*=\"https:\/\/iframe.mediadelivery.net\/embed\/247401\/9f8e0a8b-ec1a-49d1-a263-10a6ff91ad11\"], iframe[src*=\"https:\/\/iframe.mediadelivery.net\/embed\/247401\/b5907cda-808b-4118-adca-e3dfed5aba4d\"]');\n                if (restrictedVideos.length > 0) {\n                    event.preventDefault();\n                    window.open(post.link, '_blank');\n                    return;\n                }\n\n                if (currentVisibleContent && currentVisibleContent !== postContent) {\n                    currentVisibleContent.style.display = \"none\";\n                    currentVisibleContent.querySelectorAll(\"iframe, video\").forEach(media => {\n                        if (media.tagName.toLowerCase() === \"iframe\") {\n                            const src = media.src;\n                            media.src = '';\n                            media.src = src;\n                        } else {\n                            media.pause();\n                        }\n                    });\n                }\n\n                const isVisible = postContent.style.display === \"block\";\n                postContent.style.display = isVisible ? \"none\" : \"block\";\n\n                if (!isVisible) {\n                    currentVisibleContent = postContent;\n                } else {\n                    currentVisibleContent = null;\n                }\n            });\n\n            postContainer.appendChild(postTitle);\n            postContainer.appendChild(postContent);\n\n            \/\/ Adiciona restri\u00e7\u00e3o de idade aos v\u00eddeos\n            const restrictedVideos = postContent.querySelectorAll('iframe[src*=\"https:\/\/iframe.mediadelivery.net\/embed\/247401\/3cc6c154-8c6d-4f3c-9cf4-61e29a1afb8c\"], iframe[src*=\"https:\/\/iframe.mediadelivery.net\/embed\/247401\/f8cfcacc-c2ee-4305-acbd-cd006864ccba\"], iframe[src*=\"https:\/\/iframe.mediadelivery.net\/embed\/247401\/9f8e0a8b-ec1a-49d1-a263-10a6ff91ad11\"], iframe[src*=\"https:\/\/iframe.mediadelivery.net\/embed\/247401\/b5907cda-808b-4118-adca-e3dfed5aba4d\"]');\n            restrictedVideos.forEach(video => {\n                const overlay = document.createElement('div');\n                overlay.classList.add('restricted-video-overlay');\n                overlay.innerHTML = `\n                    <p>ESTE CONTE\u00daDO \u00c9 RESTRITO<\/p>\n                    <p>Voc\u00ea tem mais de 18 anos?<\/p>\n                    <button class=\"yes\">SIM<\/button>\n                    <button class=\"no\">N\u00c3O<\/button>\n                `;\n                video.parentNode.insertBefore(overlay, video);\n            });\n\n            accordion.appendChild(postContainer);\n        });\n\n        displayedPostsCount += postsToDisplay.length;\n\n        if (displayedPostsCount >= allPosts.length) {\n            document.getElementById(\"load-more\").style.display = 'none'; \/\/ Hide load more button if all posts are displayed\n        } else {\n            document.getElementById(\"load-more\").style.display = 'block'; \/\/ Show load more button\n        }\n    }\n\n    const searchInput = document.getElementById(\"search-input\");\n    const clearSearchButton = document.getElementById(\"clear-search\");\n\n    searchInput.addEventListener(\"input\", function() {\n        const filter = searchInput.value.toLowerCase();\n        if (filter) {\n            clearSearchButton.style.display = 'inline';\n        } else {\n            clearSearchButton.style.display = 'none';\n        }\n        const filteredPosts = allPosts.filter(post => post.title.rendered.toLowerCase().includes(filter));\n        displayPosts(filteredPosts);\n    });\n\n    clearSearchButton.addEventListener(\"click\", function() {\n        searchInput.value = '';\n        clearSearchButton.style.display = 'none';\n        displayPosts();\n    });\n\n    document.getElementById(\"load-more\").addEventListener(\"click\", function() {\n        displayPosts(null, true);\n    });\n\n    fetchAllPosts();\n});\n<\/script>\n\n<style>\n.search-bar {\n    display: flex;\n    align-items: center;\n    margin-bottom: 20px;\n    width: 100%;\n    justify-content: flex-start;\n    position: sticky; \/* Mant\u00e9m o container fixo no topo ao rolar *\/\n    top: 60px; \/* Ajuste este valor conforme necess\u00e1rio para a altura do seu header *\/\n    background-color: white; \/* Garante que o fundo seja branco *\/\n    z-index: 999; \/* Coloca o container abaixo do header *\/\n}\n\n.search-bar input {\n    flex: 1;\n    padding: 8px;\n    border: none;\n    border-bottom: 1px solid black;\n    outline: none;\n    max-width: 50%;\n}\n\n.search-bar .search-icon {\n    margin-left: 10px;\n    color: black;\n    font-size: 1.2em;\n}\n\n#accordion h3 {\n    font-size: calc(1.2em + 2.5px);\n    cursor: pointer;\n    text-decoration: underline;\n}\n\n.restricted-video-container {\n    position: relative;\n}\n\n.restricted-video-overlay {\n    position: absolute;\n    top: 0;\n    left: 0;\n    right: 0;\n    bottom: 0;\n    background: rgba(0, 0, 0, 0.9); \/* Fundo preto *\/\n    color: white; \/* Texto branco *\/\n    display: flex;\n    align-items: center;\n    justify-content: center;\n    flex-direction: column;\n    z-index: 3;\n    text-align: center;\n    padding: 20px;\n}\n\n.restricted-video-overlay button {\n    margin: 10px;\n    padding: 10px 20px;\n    background: white;\n    border: none;\n    cursor: pointer;\n    color: black;\n}\n<\/style>\n\t\t\t\t<\/div>\n\t\t\t\t<\/div>\n\t\t\t\t<div class=\"elementor-element elementor-element-fa662c1 elementor-widget elementor-widget-spacer\" data-id=\"fa662c1\" data-element_type=\"widget\" data-e-type=\"widget\" data-widget_type=\"spacer.default\">\n\t\t\t\t<div class=\"elementor-widget-container\">\n\t\t\t\t\t\t\t<div class=\"elementor-spacer\">\n\t\t\t<div class=\"elementor-spacer-inner\"><\/div>\n\t\t<\/div>\n\t\t\t\t\t\t<\/div>\n\t\t\t\t<\/div>\n\t\t\t\t\t<\/div>\n\t\t\t\t<\/div>\n\t\t\t\t<\/div>\n\t\t","protected":false},"excerpt":{"rendered":"<p>Cole\u00e7\u00e3o Limpar Loading&#8230; Ver mais<\/p>\n","protected":false},"author":1,"featured_media":0,"parent":0,"menu_order":0,"comment_status":"closed","ping_status":"closed","template":"elementor_header_footer","meta":{"inline_featured_image":false,"footnotes":""},"class_list":["post-6674","page","type-page","status-publish","hentry"],"aioseo_notices":[],"yoast_head":"<!-- This site is optimized with the Yoast SEO Premium plugin v23.4 (Yoast SEO v27.3) - https:\/\/yoast.com\/product\/yoast-seo-premium-wordpress\/ -->\n<title>Alfredo Hertzog video collection<\/title>\n<meta name=\"description\" content=\"\u00c9 atenta a seu tempo e dedicada a essa express\u00e3o art\u00edstica que se constitui a Cole\u00e7\u00e3o de Videoarte Alfredo Hertzog com mais de 250 trabalhos experimentais, hist\u00f3ricos e recentes da produ\u00e7\u00e3o videogr\u00e1fica.\" \/>\n<meta name=\"robots\" content=\"index, follow, max-snippet:-1, max-image-preview:large, max-video-preview:-1\" \/>\n<link rel=\"canonical\" href=\"https:\/\/ahertzogvideoarte.com\/collection\/colecao\/\" \/>\n<meta property=\"og:locale\" content=\"en_US\" \/>\n<meta property=\"og:type\" content=\"article\" \/>\n<meta property=\"og:title\" content=\"Alfredo Hertzog video collection\" \/>\n<meta property=\"og:description\" content=\"\u00c9 atenta a seu tempo e dedicada a essa express\u00e3o art\u00edstica que se constitui a Cole\u00e7\u00e3o de Videoarte Alfredo Hertzog com mais de 250 trabalhos experimentais, hist\u00f3ricos e recentes da produ\u00e7\u00e3o videogr\u00e1fica.\" \/>\n<meta property=\"og:url\" content=\"https:\/\/ahertzogvideoarte.com\/collection\/colecao\/\" \/>\n<meta property=\"og:site_name\" content=\"AHERTZOG\" \/>\n<meta property=\"article:modified_time\" content=\"2024-07-17T13:06:04+00:00\" \/>\n<meta property=\"og:image\" content=\"https:\/\/ahertzogvideoarte.com\/collection\/wp-content\/uploads\/2024\/03\/ahertzog-marca-ico1.png\" \/>\n\t<meta property=\"og:image:width\" content=\"512\" \/>\n\t<meta property=\"og:image:height\" content=\"512\" \/>\n\t<meta property=\"og:image:type\" content=\"image\/png\" \/>\n<meta name=\"twitter:card\" content=\"summary_large_image\" \/>\n<meta name=\"twitter:label1\" content=\"Est. reading time\" \/>\n\t<meta name=\"twitter:data1\" content=\"1 minute\" \/>\n<script type=\"application\/ld+json\" class=\"yoast-schema-graph\">{\"@context\":\"https:\\\/\\\/schema.org\",\"@graph\":[{\"@type\":\"WebPage\",\"@id\":\"https:\\\/\\\/ahertzogvideoarte.com\\\/collection\\\/colecao\\\/\",\"url\":\"https:\\\/\\\/ahertzogvideoarte.com\\\/collection\\\/colecao\\\/\",\"name\":\"Alfredo Hertzog video collection\",\"isPartOf\":{\"@id\":\"https:\\\/\\\/ahertzogvideoarte.com\\\/collection\\\/#website\"},\"datePublished\":\"2024-07-16T18:34:25+00:00\",\"dateModified\":\"2024-07-17T13:06:04+00:00\",\"description\":\"\u00c9 atenta a seu tempo e dedicada a essa express\u00e3o art\u00edstica que se constitui a Cole\u00e7\u00e3o de Videoarte Alfredo Hertzog com mais de 250 trabalhos experimentais, hist\u00f3ricos e recentes da produ\u00e7\u00e3o videogr\u00e1fica.\",\"breadcrumb\":{\"@id\":\"https:\\\/\\\/ahertzogvideoarte.com\\\/collection\\\/colecao\\\/#breadcrumb\"},\"inLanguage\":\"en-US\",\"potentialAction\":[{\"@type\":\"ReadAction\",\"target\":[\"https:\\\/\\\/ahertzogvideoarte.com\\\/collection\\\/colecao\\\/\"]}]},{\"@type\":\"BreadcrumbList\",\"@id\":\"https:\\\/\\\/ahertzogvideoarte.com\\\/collection\\\/colecao\\\/#breadcrumb\",\"itemListElement\":[{\"@type\":\"ListItem\",\"position\":1,\"name\":\"Home\",\"item\":\"https:\\\/\\\/ahertzogvideoarte.com\\\/collection\\\/\"},{\"@type\":\"ListItem\",\"position\":2,\"name\":\"Colecao\"}]},{\"@type\":\"WebSite\",\"@id\":\"https:\\\/\\\/ahertzogvideoarte.com\\\/collection\\\/#website\",\"url\":\"https:\\\/\\\/ahertzogvideoarte.com\\\/collection\\\/\",\"name\":\"AHERTZOG\",\"description\":\"\",\"publisher\":{\"@id\":\"https:\\\/\\\/ahertzogvideoarte.com\\\/collection\\\/#organization\"},\"potentialAction\":[{\"@type\":\"SearchAction\",\"target\":{\"@type\":\"EntryPoint\",\"urlTemplate\":\"https:\\\/\\\/ahertzogvideoarte.com\\\/collection\\\/?s={search_term_string}\"},\"query-input\":{\"@type\":\"PropertyValueSpecification\",\"valueRequired\":true,\"valueName\":\"search_term_string\"}}],\"inLanguage\":\"en-US\"},{\"@type\":\"Organization\",\"@id\":\"https:\\\/\\\/ahertzogvideoarte.com\\\/collection\\\/#organization\",\"name\":\"Alfredo Hertzog video collection\",\"url\":\"https:\\\/\\\/ahertzogvideoarte.com\\\/collection\\\/\",\"logo\":{\"@type\":\"ImageObject\",\"inLanguage\":\"en-US\",\"@id\":\"https:\\\/\\\/ahertzogvideoarte.com\\\/collection\\\/#\\\/schema\\\/logo\\\/image\\\/\",\"url\":\"https:\\\/\\\/ahertzogvideoarte.com\\\/collection\\\/wp-content\\\/uploads\\\/2024\\\/03\\\/ahertzog-marca-ico1.png\",\"contentUrl\":\"https:\\\/\\\/ahertzogvideoarte.com\\\/collection\\\/wp-content\\\/uploads\\\/2024\\\/03\\\/ahertzog-marca-ico1.png\",\"width\":512,\"height\":512,\"caption\":\"Alfredo Hertzog video collection\"},\"image\":{\"@id\":\"https:\\\/\\\/ahertzogvideoarte.com\\\/collection\\\/#\\\/schema\\\/logo\\\/image\\\/\"}}]}<\/script>\n<!-- \/ Yoast SEO Premium plugin. -->","yoast_head_json":{"title":"Alfredo Hertzog video collection","description":"\u00c9 atenta a seu tempo e dedicada a essa express\u00e3o art\u00edstica que se constitui a Cole\u00e7\u00e3o de Videoarte Alfredo Hertzog com mais de 250 trabalhos experimentais, hist\u00f3ricos e recentes da produ\u00e7\u00e3o videogr\u00e1fica.","robots":{"index":"index","follow":"follow","max-snippet":"max-snippet:-1","max-image-preview":"max-image-preview:large","max-video-preview":"max-video-preview:-1"},"canonical":"https:\/\/ahertzogvideoarte.com\/collection\/colecao\/","og_locale":"en_US","og_type":"article","og_title":"Alfredo Hertzog video collection","og_description":"\u00c9 atenta a seu tempo e dedicada a essa express\u00e3o art\u00edstica que se constitui a Cole\u00e7\u00e3o de Videoarte Alfredo Hertzog com mais de 250 trabalhos experimentais, hist\u00f3ricos e recentes da produ\u00e7\u00e3o videogr\u00e1fica.","og_url":"https:\/\/ahertzogvideoarte.com\/collection\/colecao\/","og_site_name":"AHERTZOG","article_modified_time":"2024-07-17T13:06:04+00:00","og_image":[{"width":512,"height":512,"url":"https:\/\/ahertzogvideoarte.com\/collection\/wp-content\/uploads\/2024\/03\/ahertzog-marca-ico1.png","type":"image\/png"}],"twitter_card":"summary_large_image","twitter_misc":{"Est. reading time":"1 minute"},"schema":{"@context":"https:\/\/schema.org","@graph":[{"@type":"WebPage","@id":"https:\/\/ahertzogvideoarte.com\/collection\/colecao\/","url":"https:\/\/ahertzogvideoarte.com\/collection\/colecao\/","name":"Alfredo Hertzog video collection","isPartOf":{"@id":"https:\/\/ahertzogvideoarte.com\/collection\/#website"},"datePublished":"2024-07-16T18:34:25+00:00","dateModified":"2024-07-17T13:06:04+00:00","description":"\u00c9 atenta a seu tempo e dedicada a essa express\u00e3o art\u00edstica que se constitui a Cole\u00e7\u00e3o de Videoarte Alfredo Hertzog com mais de 250 trabalhos experimentais, hist\u00f3ricos e recentes da produ\u00e7\u00e3o videogr\u00e1fica.","breadcrumb":{"@id":"https:\/\/ahertzogvideoarte.com\/collection\/colecao\/#breadcrumb"},"inLanguage":"en-US","potentialAction":[{"@type":"ReadAction","target":["https:\/\/ahertzogvideoarte.com\/collection\/colecao\/"]}]},{"@type":"BreadcrumbList","@id":"https:\/\/ahertzogvideoarte.com\/collection\/colecao\/#breadcrumb","itemListElement":[{"@type":"ListItem","position":1,"name":"Home","item":"https:\/\/ahertzogvideoarte.com\/collection\/"},{"@type":"ListItem","position":2,"name":"Colecao"}]},{"@type":"WebSite","@id":"https:\/\/ahertzogvideoarte.com\/collection\/#website","url":"https:\/\/ahertzogvideoarte.com\/collection\/","name":"AHERTZOG","description":"","publisher":{"@id":"https:\/\/ahertzogvideoarte.com\/collection\/#organization"},"potentialAction":[{"@type":"SearchAction","target":{"@type":"EntryPoint","urlTemplate":"https:\/\/ahertzogvideoarte.com\/collection\/?s={search_term_string}"},"query-input":{"@type":"PropertyValueSpecification","valueRequired":true,"valueName":"search_term_string"}}],"inLanguage":"en-US"},{"@type":"Organization","@id":"https:\/\/ahertzogvideoarte.com\/collection\/#organization","name":"Alfredo Hertzog video collection","url":"https:\/\/ahertzogvideoarte.com\/collection\/","logo":{"@type":"ImageObject","inLanguage":"en-US","@id":"https:\/\/ahertzogvideoarte.com\/collection\/#\/schema\/logo\/image\/","url":"https:\/\/ahertzogvideoarte.com\/collection\/wp-content\/uploads\/2024\/03\/ahertzog-marca-ico1.png","contentUrl":"https:\/\/ahertzogvideoarte.com\/collection\/wp-content\/uploads\/2024\/03\/ahertzog-marca-ico1.png","width":512,"height":512,"caption":"Alfredo Hertzog video collection"},"image":{"@id":"https:\/\/ahertzogvideoarte.com\/collection\/#\/schema\/logo\/image\/"}}]}},"_links":{"self":[{"href":"https:\/\/ahertzogvideoarte.com\/collection\/wp-json\/wp\/v2\/pages\/6674","targetHints":{"allow":["GET"]}}],"collection":[{"href":"https:\/\/ahertzogvideoarte.com\/collection\/wp-json\/wp\/v2\/pages"}],"about":[{"href":"https:\/\/ahertzogvideoarte.com\/collection\/wp-json\/wp\/v2\/types\/page"}],"author":[{"embeddable":true,"href":"https:\/\/ahertzogvideoarte.com\/collection\/wp-json\/wp\/v2\/users\/1"}],"replies":[{"embeddable":true,"href":"https:\/\/ahertzogvideoarte.com\/collection\/wp-json\/wp\/v2\/comments?post=6674"}],"version-history":[{"count":196,"href":"https:\/\/ahertzogvideoarte.com\/collection\/wp-json\/wp\/v2\/pages\/6674\/revisions"}],"predecessor-version":[{"id":6977,"href":"https:\/\/ahertzogvideoarte.com\/collection\/wp-json\/wp\/v2\/pages\/6674\/revisions\/6977"}],"wp:attachment":[{"href":"https:\/\/ahertzogvideoarte.com\/collection\/wp-json\/wp\/v2\/media?parent=6674"}],"curies":[{"name":"wp","href":"https:\/\/api.w.org\/{rel}","templated":true}]}}